{"id":33,"date":"2023-03-29T15:12:22","date_gmt":"2023-03-29T15:12:22","guid":{"rendered":"https:\/\/testtrustmaking.uni-ak.ac.at\/?page_id=33"},"modified":"2023-12-17T23:56:29","modified_gmt":"2023-12-17T23:56:29","slug":"panevezys","status":"publish","type":"page","link":"https:\/\/archive-trustmaking.instance.studio\/?page_id=33","title":{"rendered":"PANEV\u0116\u017dYS"},"content":{"rendered":"\n<p>Skaistakalnis park, Panev\u0117\u017eys, Lithuania<\/p>\n\n\n\n<figure class=\"wp-block-image size-large\"><img loading=\"lazy\" decoding=\"async\" width=\"1024\" height=\"637\" src=\"https:\/\/archive-trustmaking.instance.studio\/wp-content\/uploads\/2023\/05\/3-1024x637.png\" alt=\"\" class=\"wp-image-555\" srcset=\"https:\/\/archive-trustmaking.instance.studio\/wp-content\/uploads\/2023\/05\/3-1024x637.png 1024w, https:\/\/archive-trustmaking.instance.studio\/wp-content\/uploads\/2023\/05\/3-300x187.png 300w, https:\/\/archive-trustmaking.instance.studio\/wp-content\/uploads\/2023\/05\/3-768x478.png 768w, https:\/\/archive-trustmaking.instance.studio\/wp-content\/uploads\/2023\/05\/3-1536x956.png 1536w, https:\/\/archive-trustmaking.instance.studio\/wp-content\/uploads\/2023\/05\/3-2048x1274.png 2048w\" sizes=\"(max-width: 1024px) 100vw, 1024px\" \/><\/figure>\n\n\n\n<p style=\"padding-top:var(--wp--preset--spacing--50);padding-bottom:var(--wp--preset--spacing--50)\">The Urban Living Lab in Panev\u0117\u017eys, Lithuania, will be based in Skaistakalnis park in the Pragiedruliai mansion, a new creative hub. Skaistakalnis park is a unique place that connects versatile and sometimes even contradicting historical, cultural and social elements. Inevitably, all these features have to be palpable and in creative dialogue in order to create a functional and attractive public place to spend time in. One major collision is observed between two powers: industry (a relict from Soviet times) and nature (with artifacts from pagan times). The chosen approach combines cultural creative industries, Sustainable Development Goals and creative placemaking. These themes enable one to transcend existing controversies and find sustainable ways to revitalize the park.<\/p>\n\n\n\n<figure class=\"wp-block-image size-large\"><img loading=\"lazy\" decoding=\"async\" width=\"3279\" height=\"2633\" src=\"https:\/\/archive-trustmaking.instance.studio\/wp-content\/uploads\/2023\/05\/2-1024x822.png\" alt=\"\" class=\"wp-image-554\" srcset=\"https:\/\/archive-trustmaking.instance.studio\/wp-content\/uploads\/2023\/05\/2-1024x822.png 1024w, https:\/\/archive-trustmaking.instance.studio\/wp-content\/uploads\/2023\/05\/2-300x241.png 300w, https:\/\/archive-trustmaking.instance.studio\/wp-content\/uploads\/2023\/05\/2-768x617.png 768w, https:\/\/archive-trustmaking.instance.studio\/wp-content\/uploads\/2023\/05\/2-1536x1233.png 1536w, https:\/\/archive-trustmaking.instance.studio\/wp-content\/uploads\/2023\/05\/2-2048x1645.png 2048w\" sizes=\"(max-width: 3279px) 100vw, 3279px\" \/><\/figure>\n\n\n\n<figure class=\"wp-block-image size-large\"><img loading=\"lazy\" decoding=\"async\" width=\"1024\" height=\"1024\" src=\"https:\/\/archive-trustmaking.instance.studio\/wp-content\/uploads\/2023\/05\/4.1-1024x1024.png\" alt=\"\" class=\"wp-image-559\" srcset=\"https:\/\/archive-trustmaking.instance.studio\/wp-content\/uploads\/2023\/05\/4.1-1024x1024.png 1024w, https:\/\/archive-trustmaking.instance.studio\/wp-content\/uploads\/2023\/05\/4.1-300x300.png 300w, https:\/\/archive-trustmaking.instance.studio\/wp-content\/uploads\/2023\/05\/4.1-150x150.png 150w, https:\/\/archive-trustmaking.instance.studio\/wp-content\/uploads\/2023\/05\/4.1-768x768.png 768w, https:\/\/archive-trustmaking.instance.studio\/wp-content\/uploads\/2023\/05\/4.1.png 1348w\" sizes=\"(max-width: 1024px) 100vw, 1024px\" \/><\/figure>\n","protected":false},"excerpt":{"rendered":"<p>Skaistakalnis park, Panev\u0117\u017eys, Lithuania The Urban Living Lab in Panev\u0117\u017eys, Lithuania, will be based in Skaistakalnis park in the Pragiedruliai mansion, a new creative hub. Skaistakalnis park is a unique place that connects versatile and sometimes even contradicting historical, cultural and social elements. Inevitably, all these features have to be palpable and in creative dialogue [&hellip;]<\/p>\n","protected":false},"author":1,"featured_media":0,"parent":0,"menu_order":0,"comment_status":"closed","ping_status":"closed","template":"","meta":{"footnotes":""},"_links":{"self":[{"href":"https:\/\/archive-trustmaking.instance.studio\/index.php?rest_route=\/wp\/v2\/pages\/33"}],"collection":[{"href":"https:\/\/archive-trustmaking.instance.studio\/index.php?rest_route=\/wp\/v2\/pages"}],"about":[{"href":"https:\/\/archive-trustmaking.instance.studio\/index.php?rest_route=\/wp\/v2\/types\/page"}],"author":[{"embeddable":true,"href":"https:\/\/archive-trustmaking.instance.studio\/index.php?rest_route=\/wp\/v2\/users\/1"}],"replies":[{"embeddable":true,"href":"https:\/\/archive-trustmaking.instance.studio\/index.php?rest_route=%2Fwp%2Fv2%2Fcomments&post=33"}],"version-history":[{"count":12,"href":"https:\/\/archive-trustmaking.instance.studio\/index.php?rest_route=\/wp\/v2\/pages\/33\/revisions"}],"predecessor-version":[{"id":846,"href":"https:\/\/archive-trustmaking.instance.studio\/index.php?rest_route=\/wp\/v2\/pages\/33\/revisions\/846"}],"wp:attachment":[{"href":"https:\/\/archive-trustmaking.instance.studio\/index.php?rest_route=%2Fwp%2Fv2%2Fmedia&parent=33"}],"curies":[{"name":"wp","href":"https:\/\/api.w.org\/{rel}","templated":true}]}}